{"id":24,"date":"2022-12-18T09:06:36","date_gmt":"2022-12-18T09:06:36","guid":{"rendered":"https:\/\/www.raciperu.net\/?page_id=24"},"modified":"2023-02-16T23:55:32","modified_gmt":"2023-02-16T23:55:32","slug":"manifiesto-raciperu-suecia","status":"publish","type":"page","link":"https:\/\/www.raciperu.net\/?page_id=24","title":{"rendered":"Manifiesto RACIPERU-Suecia"},"content":{"rendered":"\n<p class=\"has-text-align-center\"><strong> (version 1)<\/strong><\/p>\n\n\n\n<p><strong>Considerando:<\/strong><\/p>\n\n\n\n<p>-Que el sistema mundial que vivimos es injusto lleno de diferentes tipos de contradicci\u00f3nes y crisis asi como la socio- econ\u00f3mica(reflejado en desigualdad de clases), de g\u00e9nero(en donde las mujeres y otros grupos minoritarios son discriminados), de caracter \u00e9tnico(donde hay mucho rasismo), clim\u00e1tica (que se aproxima un &nbsp;collapso de los ekosistemas y la vida)<\/p>\n\n\n\n<p>-Que el campo de las comunicaciones es tambien injustamente manejado, en donde los medios masivos de comunicacion mayoritariamente privados son en la pr\u00e1ctica medios de manipulacion a favor de los que tienen el poder real. La prensa\u00a0 incluye tanto los medios masivos de comunicacion por TV, radio, periodicos y revistas que tambien usan las redes en Internet.\u00a0\u00a0 De estos propietarios de la prensa\u00a0 y\/o redes pro-sistema\u00a0 surgen intenciones abiertas de confundir y manipular al pueblo que lo usa.<\/p>\n\n\n\n<p>-Que a los medios de comunicaci\u00f3n dominantes en el Per\u00fa lse le llama \u201cPrensa mermelera\u201d quienes se lucran entre otros por los anuncion publicitarios y otras formas. Para mantener su hegemonia, estos medios dominantes, tratan de controlar al los ususarios (pueblo) de diferentes formas, en especial con las tecnologias de punta como la Inteligencia Artificial y los algoritmos.\u00a0 De esta manera efectivizan la\u00a0 censura, control y cierran cuentas si lo consideran transgresores a sus \u201creglas\u201d.<\/p>\n\n\n\n<p>-QueLas informaciones , comunicaciones y actividades relacionados con la ideologia y el poder siempre generan problemas y contradicciones. Por ejemplo en las redes de Internet los individuos y colectivos victimas del sistema imperante tratan de competirle a los dominantes, a trav\u00e9s de \u201cprensa alternativa\u201d o llamado tambien como \u201cprensa antisistema\u201d<\/p>\n\n\n\n<p>-Que el pueblo en general usan las redes en Internet para su bien pero en otros casos som victimas de manipulacion y hasta de estafas. Los que ganan som los que saben usar clasificadamente la informaci\u00f3n dentro de Internet (que pueden ser mas o menos el 10 %) Los que son victimas generalmente lo usan de una manera manipulada o sin clasificar (casi el 90% de informacion)<\/p>\n\n\n\n<p>-Que las redes sociales atraves de Internet se han convertido, apesar de sus limitaciones, en una valiosa herramienta que los pueblos no pueden dejar de usarlo para sus objetivos y fines. Y es notorio que en el momento actual en todas partes del mundo, pero en especial en el Per\u00fa, las redes\u00a0 sociales antisistema basados en Internet, como \u201cyou tube\u201d,\u00a0 \u201cFacebook\u201d y \u201cInstagram\u201d estan canalizando la informacion, comunicacion y las acciones como las protestas en favor del cambio por un mundo nuevo. El presidente de Mexico AMLO lo llama a estas\u00a0 redes antisistema como \u201cbenditas redes\u201d.<\/p>\n\n\n\n<p>&#8211; Una teoria cient\u00edfica relevante que nos inspira para el cambio del futuro,\u00a0 es la teoria de Intelligencias Multiples de Howard Gardner . Segun Howard Gardner\u00a0 todo los humanos tenemos por lo menos nueve diferentes intelligencias con igual relevancia para nuestra vida ( 1) l\u00f2gico\/matematico, 2) linguistica, 3)espacial, 4) corporal, 5) musical, 6) intrapersonal, 7) interpersonal, 8) natural y 9) existencial\/ideologica). Segun estimaciones casi solo el 10% de la poblacion esta m\u00e1s interesado en la novena inteligencia  existencia existencial\/ideol\u00f3gica. En esta inteligencia se incluyen\u00a0 las ideolog\u00edas religiosas y\/o politicas. Aunque esto varia de pais a pais o de un contexto historico a otro contexto historico.\u00a0\u00a0 Sin movilizar a ese 10% de la poblacion que esta incluido en las actividades relacionados a la ideolog\u00eda no se podr\u00e1 \u00a0ayudar al 90% dormidos. Sin menospreciar las otras intelligencias que el 90 % de la poblacion pueda dominar.<\/p>\n\n\n\n<p>-Dentro de la novena intelligencia que se llama \u201cIdeologica\u201d o \u201cexistencial\u201d se incluyen las religiones, filosof\u00edas y sobre todo la politica. La politica pueden ser pro-sistema o ant-isistema. RACIPERU quiere promover un poco m\u00e1s \u00a0las informaciones que se orientan contra el sistema imperante que podria llamarse el capitalismo global, sin prohibir a los otros. Esto debido a que los que estan con el sistema gozan de buena financiacion.<\/p>\n\n\n\n<p>-Entre los peruanos en el exterior hay mucha dificultar de coordinar , cooperar, conocerse, etc por falta de una herramienta autonoma e independiente de las multinacionales de la comunicaci\u00f3n como Facebook, You Tube,&nbsp; Instagram,&nbsp; Linkedin y otros.<\/p>\n\n\n\n<p><strong>Por tanto:<\/strong><\/p>\n\n\n\n<p>Los abajo firmantes acordamos fundar la <strong>Red de Comunicacion Alternativa Intelligente (RACI). <\/strong>\u00a0RACI con objetivos orientados hacia el Per\u00fa por tanto se llama RACIPERU. Las filiales de otros peruanos en el Exterior podr\u00e1n agregar el sufijo de su pais. Por ejemplo\u00a0 la filial de suecia se llama RACIPERU-Suecia.<\/p>\n\n\n\n<p>La p\u00e1gina de internet inicial de RACIPERU es <a href=\"http:\/\/www.raciperu.net\">www.raciperu.net<\/a> pronto se instalar\u00e1 un programa de wordpress (community) apropiado para nuestros objetivos. La red pretende ser una herramienta para todo los peruanos en el exterior que quieran enterarse y\/o influir a los cambios en el Per\u00fa. Mientras la comunicacion sea con respeto a la integridad de los usuarios ser\u00e1 libre y sin censuras. Pero por su puesto habra un texto con reglas simples y b\u00e1sicas para ser miembro.<\/p>\n","protected":false},"excerpt":{"rendered":"<p>(version 1) Considerando: -Que el sistema mundial que vivimos es injusto lleno de diferentes tipos de contradicci\u00f3nes y crisis asi como la socio- econ\u00f3mica(reflejado en desigualdad de clases), de g\u00e9nero(en donde las mujeres y otros grupos minoritarios son discriminados), de caracter \u00e9tnico(donde hay mucho rasismo), clim\u00e1tica (que se aproxima un &nbsp;collapso de los ekosistemas y [&hellip;]<\/p>\n","protected":false},"author":1,"featured_media":0,"parent":0,"menu_order":0,"comment_status":"closed","ping_status":"closed","template":"","meta":{"footnotes":""},"class_list":["post-24","page","type-page","status-publish","hentry"],"_links":{"self":[{"href":"https:\/\/www.raciperu.net\/index.php?rest_route=\/wp\/v2\/pages\/24","targetHints":{"allow":["GET"]}}],"collection":[{"href":"https:\/\/www.raciperu.net\/index.php?rest_route=\/wp\/v2\/pages"}],"about":[{"href":"https:\/\/www.raciperu.net\/index.php?rest_route=\/wp\/v2\/types\/page"}],"author":[{"embeddable":true,"href":"https:\/\/www.raciperu.net\/index.php?rest_route=\/wp\/v2\/users\/1"}],"replies":[{"embeddable":true,"href":"https:\/\/www.raciperu.net\/index.php?rest_route=%2Fwp%2Fv2%2Fcomments&post=24"}],"version-history":[{"count":2,"href":"https:\/\/www.raciperu.net\/index.php?rest_route=\/wp\/v2\/pages\/24\/revisions"}],"predecessor-version":[{"id":85,"href":"https:\/\/www.raciperu.net\/index.php?rest_route=\/wp\/v2\/pages\/24\/revisions\/85"}],"wp:attachment":[{"href":"https:\/\/www.raciperu.net\/index.php?rest_route=%2Fwp%2Fv2%2Fmedia&parent=24"}],"curies":[{"name":"wp","href":"https:\/\/api.w.org\/{rel}","templated":true}]}}